{"id":2210,"date":"2022-04-20T14:19:56","date_gmt":"2022-04-20T14:19:56","guid":{"rendered":"https:\/\/galeriavarte.com\/?post_type=product&#038;p=2210"},"modified":"2026-01-04T22:53:33","modified_gmt":"2026-01-04T22:53:33","slug":"gift-card-75","status":"publish","type":"product","link":"https:\/\/galeriavarte.com\/pt\/shop\/gift-card-75\/","title":{"rendered":"Gift Card"},"content":{"rendered":"<p>Ap\u00f3s a compra de um Gift Card,  receber\u00e1 por e-mail a imagem do Gift Card com o c\u00f3digo do cup\u00e3o.<br \/>\nDepois pode oferec\u00ea-lo ou utiliz\u00e1-lo mais tarde, para adquirir qualquer um dos produtos no site da galeriaVarte.<br \/>\nPara utilizar o Gift Card, basta inserir o c\u00f3digo do cup\u00e3o ao finalizar a compra, e o valor do Gift Card ser\u00e1 descontado automaticamente no valor total da compra.<br \/>\nSe quiser oferecer um valor diferente, contacte-nos e criaremos um Gift Card com o valor que  desejar.<br \/>\nA data de validade dos Gift Cards \u00e9 de 12 meses. Se necess\u00e1rio, podemos prolongar essa validade por mais tempo.<br \/>\nSe quiser incluir uma mensagem especial na imagem do cart\u00e3o, adicione a sua mensagem na finaliza\u00e7\u00e3o da compra.<\/p>","protected":false},"excerpt":{"rendered":"<p>This Gift Card can be used to purchase any Work of Art on the galeriaVarte website.<\/p>\n<p>Tamb\u00e9m dispomos de Gift Cards com o seguinte valor:<br \/>\n<a href=\"https:\/\/galeriavarte.com\/pt\/shop\/gift-card-100\/\"><strong>100\u20ac<\/strong><\/a>, <a href=\"https:\/\/galeriavarte.com\/pt\/shop\/gift-card-150\/\"><strong>150\u20ac<\/strong><\/a> e <a href=\"https:\/\/galeriavarte.com\/pt\/shop\/gift-card-200\/\"><strong>200\u20ac<\/strong><\/a>.<\/p>","protected":false},"featured_media":2211,"comment_status":"open","ping_status":"closed","template":"","meta":[],"product_brand":[],"product_cat":[156],"product_tag":[],"class_list":{"0":"post-2210","1":"product","2":"type-product","3":"status-publish","4":"has-post-thumbnail","6":"product_cat-gift-cards","8":"first","9":"instock","10":"taxable","11":"shipping-taxable","12":"purchasable","13":"product-type-simple"},"_links":{"self":[{"href":"https:\/\/galeriavarte.com\/pt\/wp-json\/wp\/v2\/product\/2210","targetHints":{"allow":["GET"]}}],"collection":[{"href":"https:\/\/galeriavarte.com\/pt\/wp-json\/wp\/v2\/product"}],"about":[{"href":"https:\/\/galeriavarte.com\/pt\/wp-json\/wp\/v2\/types\/product"}],"replies":[{"embeddable":true,"href":"https:\/\/galeriavarte.com\/pt\/wp-json\/wp\/v2\/comments?post=2210"}],"wp:featuredmedia":[{"embeddable":true,"href":"https:\/\/galeriavarte.com\/pt\/wp-json\/wp\/v2\/media\/2211"}],"wp:attachment":[{"href":"https:\/\/galeriavarte.com\/pt\/wp-json\/wp\/v2\/media?parent=2210"}],"wp:term":[{"taxonomy":"product_brand","embeddable":true,"href":"https:\/\/galeriavarte.com\/pt\/wp-json\/wp\/v2\/product_brand?post=2210"},{"taxonomy":"product_cat","embeddable":true,"href":"https:\/\/galeriavarte.com\/pt\/wp-json\/wp\/v2\/product_cat?post=2210"},{"taxonomy":"product_tag","embeddable":true,"href":"https:\/\/galeriavarte.com\/pt\/wp-json\/wp\/v2\/product_tag?post=2210"}],"curies":[{"name":"wp","href":"https:\/\/api.w.org\/{rel}","templated":true}]}}