{"id":2188,"date":"2022-04-19T14:50:27","date_gmt":"2022-04-19T14:50:27","guid":{"rendered":"https:\/\/galeriavarte.com\/?post_type=product&#038;p=2188"},"modified":"2022-04-19T14:53:47","modified_gmt":"2022-04-19T14:53:47","slug":"violin","status":"publish","type":"product","link":"https:\/\/galeriavarte.com\/pt\/shop\/violin\/","title":{"rendered":"Violin"},"content":{"rendered":"<p>Este desenho \u00e9 um original; pe\u00e7a \u00fanica.<\/p>\n<p>Papel granulado branco, antif\u00fangico e antibacteriano, 180g\/m\u00b2, Isento de \u00e1cido, pH neutro.<\/p>\n<p>Cuidadosamente embalado para envio seguro.<\/p>\n<p>O autor mant\u00e9m os direitos de reprodu\u00e7\u00e3o gr\u00e1fica.<\/p>\n<p>A venda de qualquer das nossas obras n\u00e3o confere ao comprador qualquer direito de copyright ou de reprodu\u00e7\u00e3o da obra.<br \/>\n\u00a9 a marca de \u00e1gua n\u00e3o est\u00e1 na obra.<\/p>","protected":false},"excerpt":{"rendered":"<p>Desenho a Tinta da China. Original.<br \/>\n2016 <\/p>\n<p>16&#8243;x12\u201d (42cm x 29,7cm)<\/p>\n<p>Autor: Ant\u00f3nio<\/p>","protected":false},"featured_media":2189,"comment_status":"open","ping_status":"closed","template":"","meta":[],"product_brand":[],"product_cat":[24,43],"product_tag":[54,23,22,133,134,155,53,129,135],"class_list":{"0":"post-2188","1":"product","2":"type-product","3":"status-publish","4":"has-post-thumbnail","6":"product_cat-drawings","7":"product_cat-ink-drawings-drawings","8":"product_tag-desenho","9":"product_tag-drawing","10":"product_tag-ink","11":"product_tag-music","12":"product_tag-musica","13":"product_tag-orchestra","14":"product_tag-tinta-da-china","15":"product_tag-violin","16":"product_tag-violino","18":"first","19":"instock","20":"taxable","21":"shipping-taxable","22":"purchasable","23":"product-type-simple"},"_links":{"self":[{"href":"https:\/\/galeriavarte.com\/pt\/wp-json\/wp\/v2\/product\/2188","targetHints":{"allow":["GET"]}}],"collection":[{"href":"https:\/\/galeriavarte.com\/pt\/wp-json\/wp\/v2\/product"}],"about":[{"href":"https:\/\/galeriavarte.com\/pt\/wp-json\/wp\/v2\/types\/product"}],"replies":[{"embeddable":true,"href":"https:\/\/galeriavarte.com\/pt\/wp-json\/wp\/v2\/comments?post=2188"}],"wp:featuredmedia":[{"embeddable":true,"href":"https:\/\/galeriavarte.com\/pt\/wp-json\/wp\/v2\/media\/2189"}],"wp:attachment":[{"href":"https:\/\/galeriavarte.com\/pt\/wp-json\/wp\/v2\/media?parent=2188"}],"wp:term":[{"taxonomy":"product_brand","embeddable":true,"href":"https:\/\/galeriavarte.com\/pt\/wp-json\/wp\/v2\/product_brand?post=2188"},{"taxonomy":"product_cat","embeddable":true,"href":"https:\/\/galeriavarte.com\/pt\/wp-json\/wp\/v2\/product_cat?post=2188"},{"taxonomy":"product_tag","embeddable":true,"href":"https:\/\/galeriavarte.com\/pt\/wp-json\/wp\/v2\/product_tag?post=2188"}],"curies":[{"name":"wp","href":"https:\/\/api.w.org\/{rel}","templated":true}]}}