{"id":2184,"date":"2022-04-19T14:43:47","date_gmt":"2022-04-19T14:43:47","guid":{"rendered":"https:\/\/galeriavarte.com\/?post_type=product&#038;p=2184"},"modified":"2024-11-22T21:48:33","modified_gmt":"2024-11-22T21:48:33","slug":"sailboat-black","status":"publish","type":"product","link":"https:\/\/galeriavarte.com\/pt\/shop\/sailboat-black\/","title":{"rendered":"Sailboat Black"},"content":{"rendered":"<p>Este desenho \u00e9 um original; pe\u00e7a \u00fanica.<\/p>\n<p>Papel branco antif\u00fangico e antibacteriano, 180g\/m\u00b2, Isento de \u00c1cidos, ph neutro.<\/p>\n<p>Cuidadosamente embalado para envio seguro.<\/p>\n<p>O autor mant\u00e9m os direitos de reprodu\u00e7\u00e3o gr\u00e1fica.<\/p>\n<p>A venda de qualquer das nossas obras n\u00e3o confere ao comprador qualquer direito de copyright ou de reprodu\u00e7\u00e3o da obra.<br \/>\n\u00a9 a marca de \u00e1gua n\u00e3o est\u00e1 na obra.<\/p>","protected":false},"excerpt":{"rendered":"<p>Desenho a Tinta da China. Original.<br \/>\n2021<\/p>\n<p>16&#8243;x12&#8243; (42cmx29,7)<\/p>\n<p>Autor: Ant\u00f3nio<\/p>","protected":false},"featured_media":2185,"comment_status":"open","ping_status":"closed","template":"","meta":[],"product_brand":[],"product_cat":[24,43],"product_tag":[141,54,23,22,154,153,140,139,143,53,142],"class_list":{"0":"post-2184","1":"product","2":"type-product","3":"status-publish","4":"has-post-thumbnail","6":"product_cat-drawings","7":"product_cat-ink-drawings-drawings","8":"product_tag-boats","9":"product_tag-desenho","10":"product_tag-drawing","11":"product_tag-ink","12":"product_tag-sailboat","13":"product_tag-sailboat-black","14":"product_tag-sailing","15":"product_tag-sailing-boats","16":"product_tag-sea","17":"product_tag-tinta-da-china","18":"product_tag-wind","20":"first","21":"instock","22":"sale","23":"taxable","24":"shipping-taxable","25":"purchasable","26":"product-type-simple"},"_links":{"self":[{"href":"https:\/\/galeriavarte.com\/pt\/wp-json\/wp\/v2\/product\/2184","targetHints":{"allow":["GET"]}}],"collection":[{"href":"https:\/\/galeriavarte.com\/pt\/wp-json\/wp\/v2\/product"}],"about":[{"href":"https:\/\/galeriavarte.com\/pt\/wp-json\/wp\/v2\/types\/product"}],"replies":[{"embeddable":true,"href":"https:\/\/galeriavarte.com\/pt\/wp-json\/wp\/v2\/comments?post=2184"}],"wp:featuredmedia":[{"embeddable":true,"href":"https:\/\/galeriavarte.com\/pt\/wp-json\/wp\/v2\/media\/2185"}],"wp:attachment":[{"href":"https:\/\/galeriavarte.com\/pt\/wp-json\/wp\/v2\/media?parent=2184"}],"wp:term":[{"taxonomy":"product_brand","embeddable":true,"href":"https:\/\/galeriavarte.com\/pt\/wp-json\/wp\/v2\/product_brand?post=2184"},{"taxonomy":"product_cat","embeddable":true,"href":"https:\/\/galeriavarte.com\/pt\/wp-json\/wp\/v2\/product_cat?post=2184"},{"taxonomy":"product_tag","embeddable":true,"href":"https:\/\/galeriavarte.com\/pt\/wp-json\/wp\/v2\/product_tag?post=2184"}],"curies":[{"name":"wp","href":"https:\/\/api.w.org\/{rel}","templated":true}]}}