{"id":2130,"date":"2022-04-16T12:03:12","date_gmt":"2022-04-16T12:03:12","guid":{"rendered":"https:\/\/galeriavarte.com\/?post_type=product&#038;p=2130"},"modified":"2022-10-15T15:05:51","modified_gmt":"2022-10-15T15:05:51","slug":"horseback-riding","status":"publish","type":"product","link":"https:\/\/galeriavarte.com\/pt\/shop\/horseback-riding\/","title":{"rendered":"Horseback Riding"},"content":{"rendered":"<p>Papel branco antif\u00fangico e antibacteriano, 180g\/m\u00b2, Isento de \u00c1cidos, ph neutro.<\/p>\n<p>Cuidadosamente embalado para envio seguro.<\/p>\n<p>O autor mant\u00e9m os direitos de reprodu\u00e7\u00e3o gr\u00e1fica.<\/p>\n<p>A venda de qualquer das nossas obras n\u00e3o confere ao comprador qualquer direito de copyright ou de reprodu\u00e7\u00e3o da obra.<br \/>\n\u00a9 a marca de \u00e1gua n\u00e3o est\u00e1 na obra.<\/p>","protected":false},"excerpt":{"rendered":"<p>Desenho a Tinta da China. Original.<br \/>\n2015<\/p>\n<p>12&#8243;x16&#8243; (29,7x42cm)<\/p>\n<p>Autor: Ant\u00f3nio<\/p>\n<p>&nbsp;<\/p>","protected":false},"featured_media":2293,"comment_status":"open","ping_status":"closed","template":"","meta":[],"product_brand":[],"product_cat":[24,43],"product_tag":[106,54,23,148,102,147,22,53],"class_list":{"0":"post-2130","1":"product","2":"type-product","3":"status-publish","4":"has-post-thumbnail","6":"product_cat-drawings","7":"product_cat-ink-drawings-drawings","8":"product_tag-cavalo","9":"product_tag-desenho","10":"product_tag-drawing","11":"product_tag-equestrian","12":"product_tag-horse","13":"product_tag-horseback-riding","14":"product_tag-ink","15":"product_tag-tinta-da-china","17":"first","18":"instock","19":"taxable","20":"shipping-taxable","21":"purchasable","22":"product-type-simple"},"_links":{"self":[{"href":"https:\/\/galeriavarte.com\/pt\/wp-json\/wp\/v2\/product\/2130","targetHints":{"allow":["GET"]}}],"collection":[{"href":"https:\/\/galeriavarte.com\/pt\/wp-json\/wp\/v2\/product"}],"about":[{"href":"https:\/\/galeriavarte.com\/pt\/wp-json\/wp\/v2\/types\/product"}],"replies":[{"embeddable":true,"href":"https:\/\/galeriavarte.com\/pt\/wp-json\/wp\/v2\/comments?post=2130"}],"wp:featuredmedia":[{"embeddable":true,"href":"https:\/\/galeriavarte.com\/pt\/wp-json\/wp\/v2\/media\/2293"}],"wp:attachment":[{"href":"https:\/\/galeriavarte.com\/pt\/wp-json\/wp\/v2\/media?parent=2130"}],"wp:term":[{"taxonomy":"product_brand","embeddable":true,"href":"https:\/\/galeriavarte.com\/pt\/wp-json\/wp\/v2\/product_brand?post=2130"},{"taxonomy":"product_cat","embeddable":true,"href":"https:\/\/galeriavarte.com\/pt\/wp-json\/wp\/v2\/product_cat?post=2130"},{"taxonomy":"product_tag","embeddable":true,"href":"https:\/\/galeriavarte.com\/pt\/wp-json\/wp\/v2\/product_tag?post=2130"}],"curies":[{"name":"wp","href":"https:\/\/api.w.org\/{rel}","templated":true}]}}