{"id":2100,"date":"2022-04-15T13:19:22","date_gmt":"2022-04-15T13:19:22","guid":{"rendered":"https:\/\/galeriavarte.com\/?post_type=product&#038;p=2100"},"modified":"2022-04-15T13:21:04","modified_gmt":"2022-04-15T13:21:04","slug":"horse","status":"publish","type":"product","link":"https:\/\/galeriavarte.com\/pt\/shop\/horse\/","title":{"rendered":"Horse"},"content":{"rendered":"<p>Este desenho \u00e9 um original; pe\u00e7a \u00fanica.<\/p>\n<p>Papel Canson; Antif\u00fangico e antibacteriano, 120g\/ m\u00b2, isento de \u00e1cidos, ph neutro.<\/p>\n<p>Cuidadosamente embalado para envio seguro.<\/p>\n<p>O autor mant\u00e9m os direitos de reprodu\u00e7\u00e3o gr\u00e1fica.<\/p>\n<p>A venda de qualquer das nossas obras n\u00e3o confere ao comprador qualquer direito de copyright ou de reprodu\u00e7\u00e3o da obra.<br \/>\n\u00a9 a marca de \u00e1gua n\u00e3o est\u00e1 na obra.<\/p>","protected":false},"excerpt":{"rendered":"<p>Desenho a Carv\u00e3o. Original<br \/>\n2014<\/p>\n<p>Autor: Ant\u00f3nio<\/p>\n<p>11,7&#8243;x16,5&#8243; (29,7x42cm)<\/p>\n<p>&nbsp;<\/p>","protected":false},"featured_media":2101,"comment_status":"open","ping_status":"closed","template":"","meta":[],"product_brand":[],"product_cat":[44,24],"product_tag":[104,106,105,54,23,102,103],"class_list":{"0":"post-2100","1":"product","2":"type-product","3":"status-publish","4":"has-post-thumbnail","6":"product_cat-charcoal-drawings","7":"product_cat-drawings","8":"product_tag-carvao","9":"product_tag-cavalo","10":"product_tag-charcoal","11":"product_tag-desenho","12":"product_tag-drawing","13":"product_tag-horse","14":"product_tag-original","16":"first","17":"instock","18":"taxable","19":"shipping-taxable","20":"purchasable","21":"product-type-simple"},"_links":{"self":[{"href":"https:\/\/galeriavarte.com\/pt\/wp-json\/wp\/v2\/product\/2100","targetHints":{"allow":["GET"]}}],"collection":[{"href":"https:\/\/galeriavarte.com\/pt\/wp-json\/wp\/v2\/product"}],"about":[{"href":"https:\/\/galeriavarte.com\/pt\/wp-json\/wp\/v2\/types\/product"}],"replies":[{"embeddable":true,"href":"https:\/\/galeriavarte.com\/pt\/wp-json\/wp\/v2\/comments?post=2100"}],"wp:featuredmedia":[{"embeddable":true,"href":"https:\/\/galeriavarte.com\/pt\/wp-json\/wp\/v2\/media\/2101"}],"wp:attachment":[{"href":"https:\/\/galeriavarte.com\/pt\/wp-json\/wp\/v2\/media?parent=2100"}],"wp:term":[{"taxonomy":"product_brand","embeddable":true,"href":"https:\/\/galeriavarte.com\/pt\/wp-json\/wp\/v2\/product_brand?post=2100"},{"taxonomy":"product_cat","embeddable":true,"href":"https:\/\/galeriavarte.com\/pt\/wp-json\/wp\/v2\/product_cat?post=2100"},{"taxonomy":"product_tag","embeddable":true,"href":"https:\/\/galeriavarte.com\/pt\/wp-json\/wp\/v2\/product_tag?post=2100"}],"curies":[{"name":"wp","href":"https:\/\/api.w.org\/{rel}","templated":true}]}}