{"id":2089,"date":"2022-04-15T11:33:26","date_gmt":"2022-04-15T11:33:26","guid":{"rendered":"https:\/\/galeriavarte.com\/?post_type=product&#038;p=2089"},"modified":"2024-11-22T21:23:22","modified_gmt":"2024-11-22T21:23:22","slug":"modern-dance-2","status":"publish","type":"product","link":"https:\/\/galeriavarte.com\/pt\/shop\/modern-dance-2\/","title":{"rendered":"Modern Dance"},"content":{"rendered":"<p>Este desenho \u00e9 um original; pe\u00e7a \u00fanica.<\/p>\n<p>Papel de aquarela, qualidade superfina, 230g\/m\u00b2, sem \u00e1cido, pH neutro, prensado a frio, cor marfim<\/p>\n<p>Cuidadosamente embalado para envio seguro.<\/p>\n<p>O autor mant\u00e9m os direitos de reprodu\u00e7\u00e3o gr\u00e1fica.<\/p>\n<p>A venda de qualquer das nossas obras n\u00e3o confere ao comprador qualquer direito de copyright ou de reprodu\u00e7\u00e3o da obra.<br \/>\n\u00a9 a marca de \u00e1gua n\u00e3o est\u00e1 na obra.<\/p>","protected":false},"excerpt":{"rendered":"<p>Desenho a Tinta da China e Aguarela<br \/>\n2014<\/p>\n<p>Autor: Ant\u00f3nio<\/p>\n<p>16,14\u201dx11,69\u201d (41cm x 29,7cm)<\/p>","protected":false},"featured_media":2090,"comment_status":"open","ping_status":"closed","template":"","meta":[],"product_brand":[],"product_cat":[24,43,28],"product_tag":[126,125,124,20,54,23,22,115,103,128,127,99],"class_list":{"0":"post-2089","1":"product","2":"type-product","3":"status-publish","4":"has-post-thumbnail","6":"product_cat-drawings","7":"product_cat-ink-drawings-drawings","8":"product_cat-watercolours","9":"product_tag-aguarela","10":"product_tag-danca-moderna","11":"product_tag-dance","12":"product_tag-dancer","13":"product_tag-desenho","14":"product_tag-drawing","15":"product_tag-ink","16":"product_tag-modern-dance","17":"product_tag-original","18":"product_tag-red","19":"product_tag-scarlet","20":"product_tag-watercolour","22":"first","23":"instock","24":"sale","25":"taxable","26":"shipping-taxable","27":"purchasable","28":"product-type-simple"},"_links":{"self":[{"href":"https:\/\/galeriavarte.com\/pt\/wp-json\/wp\/v2\/product\/2089","targetHints":{"allow":["GET"]}}],"collection":[{"href":"https:\/\/galeriavarte.com\/pt\/wp-json\/wp\/v2\/product"}],"about":[{"href":"https:\/\/galeriavarte.com\/pt\/wp-json\/wp\/v2\/types\/product"}],"replies":[{"embeddable":true,"href":"https:\/\/galeriavarte.com\/pt\/wp-json\/wp\/v2\/comments?post=2089"}],"wp:featuredmedia":[{"embeddable":true,"href":"https:\/\/galeriavarte.com\/pt\/wp-json\/wp\/v2\/media\/2090"}],"wp:attachment":[{"href":"https:\/\/galeriavarte.com\/pt\/wp-json\/wp\/v2\/media?parent=2089"}],"wp:term":[{"taxonomy":"product_brand","embeddable":true,"href":"https:\/\/galeriavarte.com\/pt\/wp-json\/wp\/v2\/product_brand?post=2089"},{"taxonomy":"product_cat","embeddable":true,"href":"https:\/\/galeriavarte.com\/pt\/wp-json\/wp\/v2\/product_cat?post=2089"},{"taxonomy":"product_tag","embeddable":true,"href":"https:\/\/galeriavarte.com\/pt\/wp-json\/wp\/v2\/product_tag?post=2089"}],"curies":[{"name":"wp","href":"https:\/\/api.w.org\/{rel}","templated":true}]}}