{"id":2034,"date":"2022-04-14T15:11:25","date_gmt":"2022-04-14T15:11:25","guid":{"rendered":"https:\/\/galeriavarte.com\/?post_type=product&#038;p=2034"},"modified":"2024-11-22T21:24:09","modified_gmt":"2024-11-22T21:24:09","slug":"bird-221","status":"publish","type":"product","link":"https:\/\/galeriavarte.com\/pt\/shop\/bird-221\/","title":{"rendered":"Bird"},"content":{"rendered":"<p>Este desenho \u00e9 um original; pe\u00e7a \u00fanica.<\/p>\n<p>Papel branco antif\u00fangico e antibacteriano, 180g\/m\u00b2, Isento de \u00c1cidos, ph neutro.<\/p>\n<p>Cuidadosamente embalado para envio seguro.<\/p>\n<p>O autor mant\u00e9m os direitos de reprodu\u00e7\u00e3o gr\u00e1fica.<\/p>\n<p>Moldura n\u00e3o inclu\u00edda. Sugest\u00e3o de montagem.<\/p>\n<p>A venda de qualquer das nossas obras n\u00e3o confere ao comprador qualquer direito de copyright ou de reprodu\u00e7\u00e3o da obra.<br \/>\n\u00a9 a marca de \u00e1gua n\u00e3o est\u00e1 na obra.<\/p>","protected":false},"excerpt":{"rendered":"<p>Desenho a Tinta da China. Original.<br \/>\n2021<\/p>\n<p>Autor: Ant\u00f3nio<\/p>\n<p>16&#8243;x12&#8243; (42cmx29,7)<\/p>\n<p>&nbsp;<\/p>","protected":false},"featured_media":2035,"comment_status":"open","ping_status":"closed","template":"","meta":[],"product_brand":[],"product_cat":[24,43],"product_tag":[113,54,23,112,111,22,53],"class_list":{"0":"post-2034","1":"product","2":"type-product","3":"status-publish","4":"has-post-thumbnail","6":"product_cat-drawings","7":"product_cat-ink-drawings-drawings","8":"product_tag-bird","9":"product_tag-desenho","10":"product_tag-drawing","11":"product_tag-fly","12":"product_tag-gaivota","13":"product_tag-ink","14":"product_tag-tinta-da-china","16":"first","17":"instock","18":"sale","19":"taxable","20":"shipping-taxable","21":"purchasable","22":"product-type-simple"},"_links":{"self":[{"href":"https:\/\/galeriavarte.com\/pt\/wp-json\/wp\/v2\/product\/2034","targetHints":{"allow":["GET"]}}],"collection":[{"href":"https:\/\/galeriavarte.com\/pt\/wp-json\/wp\/v2\/product"}],"about":[{"href":"https:\/\/galeriavarte.com\/pt\/wp-json\/wp\/v2\/types\/product"}],"replies":[{"embeddable":true,"href":"https:\/\/galeriavarte.com\/pt\/wp-json\/wp\/v2\/comments?post=2034"}],"wp:featuredmedia":[{"embeddable":true,"href":"https:\/\/galeriavarte.com\/pt\/wp-json\/wp\/v2\/media\/2035"}],"wp:attachment":[{"href":"https:\/\/galeriavarte.com\/pt\/wp-json\/wp\/v2\/media?parent=2034"}],"wp:term":[{"taxonomy":"product_brand","embeddable":true,"href":"https:\/\/galeriavarte.com\/pt\/wp-json\/wp\/v2\/product_brand?post=2034"},{"taxonomy":"product_cat","embeddable":true,"href":"https:\/\/galeriavarte.com\/pt\/wp-json\/wp\/v2\/product_cat?post=2034"},{"taxonomy":"product_tag","embeddable":true,"href":"https:\/\/galeriavarte.com\/pt\/wp-json\/wp\/v2\/product_tag?post=2034"}],"curies":[{"name":"wp","href":"https:\/\/api.w.org\/{rel}","templated":true}]}}