{"id":1939,"date":"2022-04-13T13:28:10","date_gmt":"2022-04-13T13:28:10","guid":{"rendered":"https:\/\/galeriavarte.com\/?post_type=product&#038;p=1939"},"modified":"2024-11-22T21:24:32","modified_gmt":"2024-11-22T21:24:32","slug":"old-yellow-tram-watercolour1","status":"publish","type":"product","link":"https:\/\/galeriavarte.com\/pt\/shop\/old-yellow-tram-watercolour1\/","title":{"rendered":"Old Yellow Tram"},"content":{"rendered":"<p>Esta pintura \u00e9 a original, pe\u00e7a \u00fanica.<\/p>\n<p>Papel Aquarela, Prensado a Frio, Cor Marfim, 230g\/m\u00b2, Sem \u00c1cido, ph neutro.<\/p>\n<p>Cuidadosamente embalado para envio seguro.<\/p>\n<p>O autor mant\u00e9m os direitos de reprodu\u00e7\u00e3o gr\u00e1fica.<\/p>\n<p>A venda de qualquer das nossas obras n\u00e3o confere ao comprador qualquer direito de copyright ou de reprodu\u00e7\u00e3o da obra.<br \/>\n\u00a9 a marca de \u00e1gua n\u00e3o est\u00e1 na obra.<\/p>","protected":false},"excerpt":{"rendered":"<p>Pintura original, aguarela<br \/>\n2012<\/p>\n<p>Autor: Ant\u00f3nio<\/p>\n<p>16,5\u201dx11.7\u201d (42cm x 29,7cm)<\/p>","protected":false},"featured_media":2033,"comment_status":"open","ping_status":"closed","template":"","meta":[],"product_brand":[],"product_cat":[28],"product_tag":[101,100,99,98],"class_list":{"0":"post-1939","1":"product","2":"type-product","3":"status-publish","4":"has-post-thumbnail","6":"product_cat-watercolours","7":"product_tag-painting","8":"product_tag-tram","9":"product_tag-watercolour","10":"product_tag-yellow","12":"first","13":"instock","14":"sale","15":"taxable","16":"shipping-taxable","17":"purchasable","18":"product-type-simple"},"_links":{"self":[{"href":"https:\/\/galeriavarte.com\/pt\/wp-json\/wp\/v2\/product\/1939","targetHints":{"allow":["GET"]}}],"collection":[{"href":"https:\/\/galeriavarte.com\/pt\/wp-json\/wp\/v2\/product"}],"about":[{"href":"https:\/\/galeriavarte.com\/pt\/wp-json\/wp\/v2\/types\/product"}],"replies":[{"embeddable":true,"href":"https:\/\/galeriavarte.com\/pt\/wp-json\/wp\/v2\/comments?post=1939"}],"wp:featuredmedia":[{"embeddable":true,"href":"https:\/\/galeriavarte.com\/pt\/wp-json\/wp\/v2\/media\/2033"}],"wp:attachment":[{"href":"https:\/\/galeriavarte.com\/pt\/wp-json\/wp\/v2\/media?parent=1939"}],"wp:term":[{"taxonomy":"product_brand","embeddable":true,"href":"https:\/\/galeriavarte.com\/pt\/wp-json\/wp\/v2\/product_brand?post=1939"},{"taxonomy":"product_cat","embeddable":true,"href":"https:\/\/galeriavarte.com\/pt\/wp-json\/wp\/v2\/product_cat?post=1939"},{"taxonomy":"product_tag","embeddable":true,"href":"https:\/\/galeriavarte.com\/pt\/wp-json\/wp\/v2\/product_tag?post=1939"}],"curies":[{"name":"wp","href":"https:\/\/api.w.org\/{rel}","templated":true}]}}